{"id":759,"date":"2023-07-03T14:09:21","date_gmt":"2023-07-03T12:09:21","guid":{"rendered":"http:\/\/serendipiaproducciones.hl1217.dinaserver.com\/?page_id=759"},"modified":"2024-01-08T12:08:08","modified_gmt":"2024-01-08T11:08:08","slug":"accesibilidad-web","status":"publish","type":"page","link":"http:\/\/serendipiaproducciones.com\/en\/accesibilidad-web\/","title":{"rendered":"Pol\u00edtica de Accesibilidad"},"content":{"rendered":"La empresa Serendipia Producciones S. Coop. se ha comprometido a hacer accesible su sitio web de conformidad con el Real Decreto 1112\/2018, de 7 de septiembre, sobre accesibilidad de los sitios web y aplicaciones para dispositivos m\u00f3viles del sector p\u00fablico, o desarrollos financiados desde Europa.\r\n\r\n \r\n\r\nLa presente declaraci\u00f3n de accesibilidad se aplica al sitio web\u00a0<a href=\"http:\/\/serendipiaproducciones.com\/en\/\">http:\/\/serendipiaproducciones.com<\/a>\u00a0excluyendo los contenidos incrustados provenientes de otros dominios.\r\n\r\n \r\n\r\n<strong>Situaci\u00f3n de cumplimiento<\/strong>\r\n\r\n \r\n\r\nEste sitio web es Plenamente conforme con el RD 1112\/2018 no siendo necesaria una descripci\u00f3n de los contenidos no accesibles.\r\n\r\n \r\n\r\nPodr\u00edan existir archivos ofim\u00e1ticos en PDF u otros formatos publicados antes del 20 de septiembre de 2018 que no cumplan en su totalidad todos los requisitos de accesibilidad.\r\nPuede haber contenidos de terceros que no est\u00e9n desarrollados en esta Unidad, ni bajo su control, como archivos ofim\u00e1ticos de diferentes organismos que deban publicarse en este sitio.\r\n\r\n \r\n\r\n<strong>Observaciones y datos de contacto<\/strong>\r\n\r\n \r\n\r\nPuede realizar comunicaciones sobre requisitos de accesibilidad [art\u00edculo 10.2.a) del RD 1112\/2018] como, por ejemplo:\r\n\r\n \r\n<ul class=\"wp-block-list\">\r\n \t<li>Informar sobre cualquier posible incumplimiento por parte de este sitio web.<\/li>\r\n \r\n \t<li>Transmitir otras dificultades de acceso al contenido.<\/li>\r\n \r\n \t<li>Formular cualquier otra consulta o sugerencia de mejora relativa a la accesibilidad del sitio web a trav\u00e9s del siguiente\u00a0<strong>formulario de contacto<\/strong>\u00a0o llamando al\u00a0<strong>tel\u00e9fono <\/strong><span class=\"blanc-space ng-binding\">627622744<\/span>\u200b<strong> de 9 a 20 horas de lunes a viernes.<\/strong><\/li>\r\n<\/ul>\r\n \r\n\r\nPuede presentar:\r\n\r\n \r\n<ul class=\"wp-block-list\">\r\n \t<li>Una queja relativa al cumplimiento de los requisitos del RD 1112\/2018<\/li>\r\n \r\n \t<li>Una solicitud de informaci\u00f3n accesible relativa a:\r\n<ul class=\"wp-block-list\">\r\n \t<li>Contenidos que est\u00e1n excluidos del \u00e1mbito de aplicaci\u00f3n del RD 1112\/2018 seg\u00fan lo establecido por el art\u00edculo 3, apartado 4.<\/li>\r\n \r\n \t<li>Contenidos que est\u00e1n exentos del cumplimiento de los requisitos de accesibilidad por imponer una carga desproporcionada.<\/li>\r\n<\/ul>\r\n<\/li>\r\n<\/ul>\r\n \r\n\r\nEn la solicitud de informaci\u00f3n accesible, se debe concretar, con toda claridad, los hechos, razones y petici\u00f3n que permitan constatar que se trata de una solicitud razonable y leg\u00edtima.","protected":false},"excerpt":{"rendered":"<p>La empresa Serendipia Producciones S. Coop. se ha comprometido a hacer accesible su sitio web de conformidad con el Real Decreto 1112\/2018, de 7 de septiembre, sobre accesibilidad de los sitios web y aplicaciones para dispositivos m\u00f3viles del sector p\u00fablico, o desarrollos financiados desde Europa&#8230;.<\/p>","protected":false},"author":1,"featured_media":0,"parent":0,"menu_order":5,"comment_status":"closed","ping_status":"closed","template":"","meta":{"footnotes":""},"class_list":["post-759","page","type-page","status-publish","hentry"],"yoast_head":"<!-- This site is optimized with the Yoast SEO plugin v20.10 - https:\/\/yoast.com\/wordpress\/plugins\/seo\/ -->\n<title>Pol\u00edtica de Accesibilidad - Serendipia Producciones<\/title>\n<meta name=\"robots\" content=\"index, follow, max-snippet:-1, max-image-preview:large, max-video-preview:-1\" \/>\n<link rel=\"canonical\" href=\"http:\/\/serendipiaproducciones.com\/en\/accesibilidad-web\/\" \/>\n<meta property=\"og:locale\" content=\"en_GB\" \/>\n<meta property=\"og:type\" content=\"article\" \/>\n<meta property=\"og:title\" content=\"Pol\u00edtica de Accesibilidad - Serendipia Producciones\" \/>\n<meta property=\"og:description\" content=\"La empresa Serendipia Producciones S. Coop. se ha comprometido a hacer accesible su sitio web de conformidad con el Real Decreto 1112\/2018, de 7 de septiembre, sobre accesibilidad de los sitios web y aplicaciones para dispositivos m\u00f3viles del sector p\u00fablico, o desarrollos financiados desde Europa....\" \/>\n<meta property=\"og:url\" content=\"http:\/\/serendipiaproducciones.com\/en\/accesibilidad-web\/\" \/>\n<meta property=\"og:site_name\" content=\"Serendipia Producciones\" \/>\n<meta property=\"article:modified_time\" content=\"2024-01-08T11:08:08+00:00\" \/>\n<meta name=\"twitter:card\" content=\"summary_large_image\" \/>\n<meta name=\"twitter:label1\" content=\"Estimated reading time\" \/>\n\t<meta name=\"twitter:data1\" content=\"2 minutes\" \/>\n<script type=\"application\/ld+json\" class=\"yoast-schema-graph\">{\"@context\":\"https:\/\/schema.org\",\"@graph\":[{\"@type\":\"WebPage\",\"@id\":\"http:\/\/serendipiaproducciones.com\/accesibilidad-web\/\",\"url\":\"http:\/\/serendipiaproducciones.com\/accesibilidad-web\/\",\"name\":\"Pol\u00edtica de Accesibilidad - Serendipia Producciones\",\"isPartOf\":{\"@id\":\"http:\/\/serendipiaproducciones.com\/#website\"},\"datePublished\":\"2023-07-03T12:09:21+00:00\",\"dateModified\":\"2024-01-08T11:08:08+00:00\",\"breadcrumb\":{\"@id\":\"http:\/\/serendipiaproducciones.com\/accesibilidad-web\/#breadcrumb\"},\"inLanguage\":\"en-GB\",\"potentialAction\":[{\"@type\":\"ReadAction\",\"target\":[\"http:\/\/serendipiaproducciones.com\/accesibilidad-web\/\"]}]},{\"@type\":\"BreadcrumbList\",\"@id\":\"http:\/\/serendipiaproducciones.com\/accesibilidad-web\/#breadcrumb\",\"itemListElement\":[{\"@type\":\"ListItem\",\"position\":1,\"name\":\"Portada\",\"item\":\"http:\/\/serendipiaproducciones.com\/\"},{\"@type\":\"ListItem\",\"position\":2,\"name\":\"Pol\u00edtica de Accesibilidad\"}]},{\"@type\":\"WebSite\",\"@id\":\"http:\/\/serendipiaproducciones.com\/#website\",\"url\":\"http:\/\/serendipiaproducciones.com\/\",\"name\":\"Serendipia Producciones\",\"description\":\"\",\"publisher\":{\"@id\":\"http:\/\/serendipiaproducciones.com\/#organization\"},\"potentialAction\":[{\"@type\":\"SearchAction\",\"target\":{\"@type\":\"EntryPoint\",\"urlTemplate\":\"http:\/\/serendipiaproducciones.com\/?s={search_term_string}\"},\"query-input\":\"required name=search_term_string\"}],\"inLanguage\":\"en-GB\"},{\"@type\":\"Organization\",\"@id\":\"http:\/\/serendipiaproducciones.com\/#organization\",\"name\":\"Serendipia Producciones\",\"url\":\"http:\/\/serendipiaproducciones.com\/\",\"logo\":{\"@type\":\"ImageObject\",\"inLanguage\":\"en-GB\",\"@id\":\"http:\/\/serendipiaproducciones.com\/#\/schema\/logo\/image\/\",\"url\":\"http:\/\/serendipiaproducciones.com\/wp-content\/uploads\/2023\/06\/serendipialogo.png\",\"contentUrl\":\"http:\/\/serendipiaproducciones.com\/wp-content\/uploads\/2023\/06\/serendipialogo.png\",\"width\":223,\"height\":70,\"caption\":\"Serendipia Producciones\"},\"image\":{\"@id\":\"http:\/\/serendipiaproducciones.com\/#\/schema\/logo\/image\/\"}}]}<\/script>\n<!-- \/ Yoast SEO plugin. -->","yoast_head_json":{"title":"Pol\u00edtica de Accesibilidad - Serendipia Producciones","robots":{"index":"index","follow":"follow","max-snippet":"max-snippet:-1","max-image-preview":"max-image-preview:large","max-video-preview":"max-video-preview:-1"},"canonical":"http:\/\/serendipiaproducciones.com\/en\/accesibilidad-web\/","og_locale":"en_GB","og_type":"article","og_title":"Pol\u00edtica de Accesibilidad - Serendipia Producciones","og_description":"La empresa Serendipia Producciones S. Coop. se ha comprometido a hacer accesible su sitio web de conformidad con el Real Decreto 1112\/2018, de 7 de septiembre, sobre accesibilidad de los sitios web y aplicaciones para dispositivos m\u00f3viles del sector p\u00fablico, o desarrollos financiados desde Europa....","og_url":"http:\/\/serendipiaproducciones.com\/en\/accesibilidad-web\/","og_site_name":"Serendipia Producciones","article_modified_time":"2024-01-08T11:08:08+00:00","twitter_card":"summary_large_image","twitter_misc":{"Estimated reading time":"2 minutes"},"schema":{"@context":"https:\/\/schema.org","@graph":[{"@type":"WebPage","@id":"http:\/\/serendipiaproducciones.com\/accesibilidad-web\/","url":"http:\/\/serendipiaproducciones.com\/accesibilidad-web\/","name":"Pol\u00edtica de Accesibilidad - Serendipia Producciones","isPartOf":{"@id":"http:\/\/serendipiaproducciones.com\/#website"},"datePublished":"2023-07-03T12:09:21+00:00","dateModified":"2024-01-08T11:08:08+00:00","breadcrumb":{"@id":"http:\/\/serendipiaproducciones.com\/accesibilidad-web\/#breadcrumb"},"inLanguage":"en-GB","potentialAction":[{"@type":"ReadAction","target":["http:\/\/serendipiaproducciones.com\/accesibilidad-web\/"]}]},{"@type":"BreadcrumbList","@id":"http:\/\/serendipiaproducciones.com\/accesibilidad-web\/#breadcrumb","itemListElement":[{"@type":"ListItem","position":1,"name":"Portada","item":"http:\/\/serendipiaproducciones.com\/"},{"@type":"ListItem","position":2,"name":"Pol\u00edtica de Accesibilidad"}]},{"@type":"WebSite","@id":"http:\/\/serendipiaproducciones.com\/#website","url":"http:\/\/serendipiaproducciones.com\/","name":"Serendipia Producciones","description":"","publisher":{"@id":"http:\/\/serendipiaproducciones.com\/#organization"},"potentialAction":[{"@type":"SearchAction","target":{"@type":"EntryPoint","urlTemplate":"http:\/\/serendipiaproducciones.com\/?s={search_term_string}"},"query-input":"required name=search_term_string"}],"inLanguage":"en-GB"},{"@type":"Organization","@id":"http:\/\/serendipiaproducciones.com\/#organization","name":"Serendipia Producciones","url":"http:\/\/serendipiaproducciones.com\/","logo":{"@type":"ImageObject","inLanguage":"en-GB","@id":"http:\/\/serendipiaproducciones.com\/#\/schema\/logo\/image\/","url":"http:\/\/serendipiaproducciones.com\/wp-content\/uploads\/2023\/06\/serendipialogo.png","contentUrl":"http:\/\/serendipiaproducciones.com\/wp-content\/uploads\/2023\/06\/serendipialogo.png","width":223,"height":70,"caption":"Serendipia Producciones"},"image":{"@id":"http:\/\/serendipiaproducciones.com\/#\/schema\/logo\/image\/"}}]}},"_links":{"self":[{"href":"http:\/\/serendipiaproducciones.com\/en\/wp-json\/wp\/v2\/pages\/759","targetHints":{"allow":["GET"]}}],"collection":[{"href":"http:\/\/serendipiaproducciones.com\/en\/wp-json\/wp\/v2\/pages"}],"about":[{"href":"http:\/\/serendipiaproducciones.com\/en\/wp-json\/wp\/v2\/types\/page"}],"author":[{"embeddable":true,"href":"http:\/\/serendipiaproducciones.com\/en\/wp-json\/wp\/v2\/users\/1"}],"replies":[{"embeddable":true,"href":"http:\/\/serendipiaproducciones.com\/en\/wp-json\/wp\/v2\/comments?post=759"}],"version-history":[{"count":3,"href":"http:\/\/serendipiaproducciones.com\/en\/wp-json\/wp\/v2\/pages\/759\/revisions"}],"predecessor-version":[{"id":2051,"href":"http:\/\/serendipiaproducciones.com\/en\/wp-json\/wp\/v2\/pages\/759\/revisions\/2051"}],"wp:attachment":[{"href":"http:\/\/serendipiaproducciones.com\/en\/wp-json\/wp\/v2\/media?parent=759"}],"curies":[{"name":"wp","href":"https:\/\/api.w.org\/{rel}","templated":true}]}}